{"id":2151,"date":"2022-09-29T15:23:50","date_gmt":"2022-09-29T15:23:50","guid":{"rendered":"https:\/\/themes.pixelwars.org\/idfolio\/demo-01\/?page_id=41"},"modified":"2026-01-14T11:14:48","modified_gmt":"2026-01-14T10:14:48","slug":"oeuvres","status":"publish","type":"page","link":"https:\/\/odileboniface.com\/en\/oeuvres\/","title":{"rendered":"Works"},"content":{"rendered":"","protected":false},"excerpt":{"rendered":"<p>Le  v\u00e9g\u00e9tal, l\u2019eau, la lumi\u00e8re, la  lumi\u00e8re surtout ;  la nature comme sujet, une nature sauvage,  famili\u00e8re et archa\u00efque.<br \/>\nAu fil du temps, Odile Boniface d\u00e9ploie son univers entre r\u00e9el et imaginaire, abstraction et figuration, pr\u00e9sence et absence, un  paysage intime port\u00e9 par une vision tr\u00e8s personnelle.<br \/>\nL\u2019\u00e9motion intervient par le filtre de son patient et singulier travail  de la peinture \u00e0 l\u2019huile et de la mati\u00e8re color\u00e9e.<\/p>","protected":false},"author":34,"featured_media":0,"parent":0,"menu_order":0,"comment_status":"closed","ping_status":"closed","template":"page_template-portfolio-grid-title-inside.php","meta":{"inline_featured_image":false,"footnotes":""},"class_list":["post-2151","page","type-page","status-publish","hentry"],"_links":{"self":[{"href":"https:\/\/odileboniface.com\/en\/wp-json\/wp\/v2\/pages\/2151","targetHints":{"allow":["GET"]}}],"collection":[{"href":"https:\/\/odileboniface.com\/en\/wp-json\/wp\/v2\/pages"}],"about":[{"href":"https:\/\/odileboniface.com\/en\/wp-json\/wp\/v2\/types\/page"}],"author":[{"embeddable":true,"href":"https:\/\/odileboniface.com\/en\/wp-json\/wp\/v2\/users\/34"}],"replies":[{"embeddable":true,"href":"https:\/\/odileboniface.com\/en\/wp-json\/wp\/v2\/comments?post=2151"}],"version-history":[{"count":4,"href":"https:\/\/odileboniface.com\/en\/wp-json\/wp\/v2\/pages\/2151\/revisions"}],"predecessor-version":[{"id":2540,"href":"https:\/\/odileboniface.com\/en\/wp-json\/wp\/v2\/pages\/2151\/revisions\/2540"}],"wp:attachment":[{"href":"https:\/\/odileboniface.com\/en\/wp-json\/wp\/v2\/media?parent=2151"}],"curies":[{"name":"wp","href":"https:\/\/api.w.org\/{rel}","templated":true}]}}