{"id":652,"date":"2022-09-27T06:46:43","date_gmt":"2022-09-27T06:46:43","guid":{"rendered":"https:\/\/themes.pixelwars.org\/idfolio\/demo-01\/?page_id=6"},"modified":"2026-01-14T12:42:38","modified_gmt":"2026-01-14T11:42:38","slug":"odile-boniface","status":"publish","type":"page","link":"https:\/\/odileboniface.com\/en\/odile-boniface\/","title":{"rendered":"Odile Boniface"},"content":{"rendered":"<div data-elementor-type=\"wp-page\" data-elementor-id=\"652\" class=\"elementor elementor-652\" data-elementor-post-type=\"page\">\n\t\t\t\t\t\t<section class=\"elementor-section elementor-top-section elementor-element elementor-element-77f1bde elementor-section-boxed elementor-section-height-default elementor-section-height-default\" data-id=\"77f1bde\" data-element_type=\"section\" data-e-type=\"section\">\n\t\t\t\t\t\t<div class=\"elementor-container elementor-column-gap-default\">\n\t\t\t\t\t<div class=\"elementor-column elementor-col-100 elementor-top-column elementor-element elementor-element-aa9fc41\" data-id=\"aa9fc41\" data-element_type=\"column\" data-e-type=\"column\">\n\t\t\t<div class=\"elementor-widget-wrap elementor-element-populated\">\n\t\t\t\t\t\t<div class=\"elementor-element elementor-element-5b66592 elementor-widget elementor-widget-heading\" data-id=\"5b66592\" data-element_type=\"widget\" data-e-type=\"widget\" data-widget_type=\"heading.default\">\n\t\t\t\t\t<h1 class=\"elementor-heading-title elementor-size-default\">Odile Boniface<\/h1>\t\t\t\t<\/div>\n\t\t\t\t\t<\/div>\n\t\t<\/div>\n\t\t\t\t\t<\/div>\n\t\t<\/section>\n\t\t\t\t<section class=\"elementor-section elementor-top-section elementor-element elementor-element-f398e12 elementor-section-boxed elementor-section-height-default elementor-section-height-default\" data-id=\"f398e12\" data-element_type=\"section\" data-e-type=\"section\">\n\t\t\t\t\t\t<div class=\"elementor-container elementor-column-gap-default\">\n\t\t\t\t\t<div class=\"elementor-column elementor-col-50 elementor-top-column elementor-element elementor-element-2571598\" data-id=\"2571598\" data-element_type=\"column\" data-e-type=\"column\">\n\t\t\t<div class=\"elementor-widget-wrap elementor-element-populated\">\n\t\t\t\t\t\t<div class=\"elementor-element elementor-element-5f36cc0 animated-slow elementor-invisible elementor-widget elementor-widget-text-editor\" data-id=\"5f36cc0\" data-element_type=\"widget\" data-e-type=\"widget\" data-settings=\"{&quot;_animation&quot;:&quot;fadeInUp&quot;}\" data-widget_type=\"text-editor.default\">\n\t\t\t\t\t\t\t\t\t<p>Odile Boniface was born in Paris in 1955.<\/p><p>In 1973, Beaux-Arts de Beaune (21200), then in 1974 Ecole des Beaux-Arts de Paris.<\/p><p>In 1977, she began exhibiting.<\/p><p>In 1988, she left Paris and moved to the H\u00e9rault region.<\/p><p>His work is built around the landscape, or more precisely, the observation of nature: nature reinvented, wild, archaic, teeming, mysterious, changing and luminous. The artist is not concerned with representation; there is no figuration to speak of in his work. The subject remains a pretext. She is impregnated, imprinted and impressed by the world she sees and which surrounds her, but she paints shadow, light, the exuberance of colors or materials, the transparency of water or atmosphere.<\/p><p>The artist has always used the same medium, the medium used before her by all painters of the modern and classical eras: oil paint. She has superbly reappropriated it, making its constraints - complexity, slowness and superimposition - the very framework of her work.<\/p>\t\t\t\t\t\t\t\t<\/div>\n\t\t\t\t\t<\/div>\n\t\t<\/div>\n\t\t\t\t<div class=\"elementor-column elementor-col-50 elementor-top-column elementor-element elementor-element-b8374a0\" data-id=\"b8374a0\" data-element_type=\"column\" data-e-type=\"column\">\n\t\t\t<div class=\"elementor-widget-wrap elementor-element-populated\">\n\t\t\t\t\t\t<div class=\"elementor-element elementor-element-8eb0e8b animated-slow elementor-invisible elementor-widget elementor-widget-image\" data-id=\"8eb0e8b\" data-element_type=\"widget\" data-e-type=\"widget\" data-settings=\"{&quot;_animation&quot;:&quot;fadeInUp&quot;}\" data-widget_type=\"image.default\">\n\t\t\t\t\t\t\t\t\t\t\t\t\t\t\t<img fetchpriority=\"high\" decoding=\"async\" width=\"600\" height=\"550\" src=\"https:\/\/odileboniface.com\/wp-content\/uploads\/2026\/01\/odile_boniface-1024x938.jpg\" class=\"attachment-large size-large wp-image-2201\" alt=\"\" srcset=\"https:\/\/odileboniface.com\/wp-content\/uploads\/2026\/01\/odile_boniface-1024x938.jpg 1024w, https:\/\/odileboniface.com\/wp-content\/uploads\/2026\/01\/odile_boniface-300x275.jpg 300w, https:\/\/odileboniface.com\/wp-content\/uploads\/2026\/01\/odile_boniface-768x704.jpg 768w, https:\/\/odileboniface.com\/wp-content\/uploads\/2026\/01\/odile_boniface-1536x1408.jpg 1536w, https:\/\/odileboniface.com\/wp-content\/uploads\/2026\/01\/odile_boniface-327x300.jpg 327w, https:\/\/odileboniface.com\/wp-content\/uploads\/2026\/01\/odile_boniface-680x623.jpg 680w, https:\/\/odileboniface.com\/wp-content\/uploads\/2026\/01\/odile_boniface-742x680.jpg 742w, https:\/\/odileboniface.com\/wp-content\/uploads\/2026\/01\/odile_boniface-1309x1200.jpg 1309w, https:\/\/odileboniface.com\/wp-content\/uploads\/2026\/01\/odile_boniface-1200x1100.jpg 1200w, https:\/\/odileboniface.com\/wp-content\/uploads\/2026\/01\/odile_boniface.jpg 1855w\" sizes=\"(max-width: 600px) 100vw, 600px\" title=\"\">\t\t\t\t\t\t\t\t\t\t\t\t\t\t\t<\/div>\n\t\t\t\t<div class=\"elementor-element elementor-element-1507c70 animated-slow elementor-invisible elementor-widget elementor-widget-text-editor\" data-id=\"1507c70\" data-element_type=\"widget\" data-e-type=\"widget\" data-settings=\"{&quot;_animation&quot;:&quot;fadeInUp&quot;}\" data-widget_type=\"text-editor.default\">\n\t\t\t\t\t\t\t\t\t<p><em>The poem that runs through the painter and her work cannot be ignored.<br \/>This one exposed us<br \/>Listen and you'll recognize the Living<br \/>Ink and stars<br \/>Beauty subjects us to that which precedes us<br \/>Just to be there...<br \/>We'll have to forget the birds of the field to bury ourselves in the athanor.<br \/>Crossing vegetation, absence and slowness.<br \/>Let them consume us.<br \/><\/em><\/p>\t\t\t\t\t\t\t\t<\/div>\n\t\t\t\t<div class=\"elementor-element elementor-element-850f1ba e-transform elementor-widget elementor-widget-heading\" data-id=\"850f1ba\" data-element_type=\"widget\" data-e-type=\"widget\" data-settings=\"{&quot;_transform_scale_effect&quot;:{&quot;unit&quot;:&quot;px&quot;,&quot;size&quot;:&quot;&quot;,&quot;sizes&quot;:[]},&quot;_transform_scale_effect_tablet&quot;:{&quot;unit&quot;:&quot;px&quot;,&quot;size&quot;:&quot;&quot;,&quot;sizes&quot;:[]},&quot;_transform_scale_effect_mobile&quot;:{&quot;unit&quot;:&quot;px&quot;,&quot;size&quot;:&quot;&quot;,&quot;sizes&quot;:[]}}\" data-widget_type=\"heading.default\">\n\t\t\t\t\t<h2 class=\"elementor-heading-title elementor-size-xl\">Jacqueline Tamagna - Extract<\/h2>\t\t\t\t<\/div>\n\t\t\t\t\t<\/div>\n\t\t<\/div>\n\t\t\t\t\t<\/div>\n\t\t<\/section>\n\t\t\t\t<\/div>","protected":false},"excerpt":{"rendered":"<p>Odile Boniface Odile Boniface est n\u00e9e \u00e0 Paris en 1955. En 1973, Beaux-Arts de Beaune (21200), puis en 1974\u00a0Ecole des Beaux-Arts de Paris. En 1977, elle commence \u00e0 exposer. En 1988, elle quitte paris et s\u2019installe dans l\u2019H\u00e9rault. Son \u0153uvre se construit alors autour du paysage ou plus pr\u00e9cis\u00e9ment de l\u2019observation de la nature: une&#8230; <\/p>\n<p class=\"more\"> <a class=\"more-link\" href=\"https:\/\/odileboniface.com\/en\/odile-boniface\/\">Read More<\/a> <\/p>","protected":false},"author":34,"featured_media":0,"parent":0,"menu_order":0,"comment_status":"closed","ping_status":"closed","template":"","meta":{"inline_featured_image":false,"footnotes":""},"class_list":["post-652","page","type-page","status-publish","hentry"],"_links":{"self":[{"href":"https:\/\/odileboniface.com\/en\/wp-json\/wp\/v2\/pages\/652","targetHints":{"allow":["GET"]}}],"collection":[{"href":"https:\/\/odileboniface.com\/en\/wp-json\/wp\/v2\/pages"}],"about":[{"href":"https:\/\/odileboniface.com\/en\/wp-json\/wp\/v2\/types\/page"}],"author":[{"embeddable":true,"href":"https:\/\/odileboniface.com\/en\/wp-json\/wp\/v2\/users\/34"}],"replies":[{"embeddable":true,"href":"https:\/\/odileboniface.com\/en\/wp-json\/wp\/v2\/comments?post=652"}],"version-history":[{"count":21,"href":"https:\/\/odileboniface.com\/en\/wp-json\/wp\/v2\/pages\/652\/revisions"}],"predecessor-version":[{"id":2638,"href":"https:\/\/odileboniface.com\/en\/wp-json\/wp\/v2\/pages\/652\/revisions\/2638"}],"wp:attachment":[{"href":"https:\/\/odileboniface.com\/en\/wp-json\/wp\/v2\/media?parent=652"}],"curies":[{"name":"wp","href":"https:\/\/api.w.org\/{rel}","templated":true}]}}